{"id":6970,"date":"2021-01-23T10:20:13","date_gmt":"2021-01-23T10:20:13","guid":{"rendered":"http:\/\/vacacionesendenia.com\/acerca-de\/"},"modified":"2021-05-10T17:17:00","modified_gmt":"2021-05-10T16:17:00","slug":"acerca-de","status":"publish","type":"page","link":"https:\/\/vacacionesendenia.com\/en\/acerca-de\/","title":{"rendered":"About us"},"content":{"rendered":"<div class=\"wpb_text_column wpb_content_element \">\n<div class=\"wpb_wrapper\">\n<div class=\"wpb_text_column wpb_content_element \">\n<div class=\"wpb_wrapper\">\n<h2 class=\"text-center\">Acerca de Vacaciones en Denia<\/h2>\n<h5>Con\u00f3cenos un poco m\u00e1s<\/h5>\n<\/div>\n<\/div>\n<p>&nbsp;<\/p>\n<p><strong>VacacionesEnDenia.com<\/strong> es una empresa familiar que lleva ya a\u00f1os dedic\u00e1ndose a la gesti\u00f3n de sus propios apartamentos, bungalows y chalets para alquileres VACACIONALES en la zona de Denia, Alicante, Espa\u00f1a.<\/p>\n<p>Nuestra experiencia nos ha llevado a conseguir una gran aceptaci\u00f3n por parte de los clientes que cada dia nos demandan mas viviendas para disfrutar de sus vacaciones, obteniendo una alta rentabilidad en cada vivienda.<\/p>\n<\/div>\n<\/div>\n","protected":false},"excerpt":{"rendered":"<p>Acerca de Vacaciones en Denia Con\u00f3cenos un poco m\u00e1s &nbsp; VacacionesEnDenia.com es una empresa familiar que lleva ya a\u00f1os dedic\u00e1ndose a la gesti\u00f3n de sus&#8230;<\/p>\n","protected":false},"author":1,"featured_media":0,"parent":0,"menu_order":0,"comment_status":"closed","ping_status":"closed","template":"","meta":{"footnotes":""},"_links":{"self":[{"href":"https:\/\/vacacionesendenia.com\/en\/wp-json\/wp\/v2\/pages\/6970"}],"collection":[{"href":"https:\/\/vacacionesendenia.com\/en\/wp-json\/wp\/v2\/pages"}],"about":[{"href":"https:\/\/vacacionesendenia.com\/en\/wp-json\/wp\/v2\/types\/page"}],"author":[{"embeddable":true,"href":"https:\/\/vacacionesendenia.com\/en\/wp-json\/wp\/v2\/users\/1"}],"replies":[{"embeddable":true,"href":"https:\/\/vacacionesendenia.com\/en\/wp-json\/wp\/v2\/comments?post=6970"}],"version-history":[{"count":2,"href":"https:\/\/vacacionesendenia.com\/en\/wp-json\/wp\/v2\/pages\/6970\/revisions"}],"predecessor-version":[{"id":7128,"href":"https:\/\/vacacionesendenia.com\/en\/wp-json\/wp\/v2\/pages\/6970\/revisions\/7128"}],"wp:attachment":[{"href":"https:\/\/vacacionesendenia.com\/en\/wp-json\/wp\/v2\/media?parent=6970"}],"curies":[{"name":"wp","href":"https:\/\/api.w.org\/{rel}","templated":true}]}}