{"id":6991,"date":"2021-03-11T17:34:00","date_gmt":"2021-03-11T17:34:00","guid":{"rendered":"http:\/\/vacacionesendenia.com\/medioambiente\/"},"modified":"2021-05-21T15:31:23","modified_gmt":"2021-05-21T14:31:23","slug":"environment","status":"publish","type":"page","link":"https:\/\/vacacionesendenia.com\/en\/environment\/","title":{"rendered":"Environment"},"content":{"rendered":"<h2 style=\"text-align: justify;\">PR\u00c1CTICAS MEDIOAMBIENTALES<\/h2>\n<p style=\"text-align: justify;\">Toda organizaci\u00f3n, grande o peque\u00f1a, como consecuencia de su actividad, origina un impacto ambiental. Es por ello que debemos ser conscientes de que el equilibrio del planeta est\u00e1 en peligro y que, en alguna medida, es causado por nuestra actividad, por lo que debemos contribuir, a trav\u00e9s de pr\u00e1cticas adecuadas, a una reducci\u00f3n de nuestra huella y a una mejora del entorno natural.<\/p>\n<p style=\"text-align: justify;\">Con la aplicaci\u00f3n de &#8220;Buenas Pr\u00e1cticas Ambientales\u201d, pretendemos alcanzar como objetivo, la mejora del medio natural, el fomento de una actividad m\u00e1s respetuosa con los ecosistemas y la aplicaci\u00f3n del principio de responsabilidad compartida en la conservaci\u00f3n de la naturaleza.<\/p>\n<p style=\"text-align: justify;\">Esta \u201cDeclaraci\u00f3n de Buenas Pr\u00e1cticas Ambientales\u201d constituye un elemento fundamental para mejorar nuestra actividad en relaci\u00f3n con la naturaleza. Con la ayuda de todos y cada uno de nosotros ser\u00e1 posible cuidar el entorno, pues el respeto ambiental es la suma de peque\u00f1os gestos. Ya lo dec\u00edan los indios: \u201cLa tierra no es una herencia de nuestros padres, sino un pr\u00e9stamo de nuestros hijos\u201d.<\/p>\n<p>&nbsp;<\/p>\n<h2 style=\"text-align: justify;\">DECLARACI\u00d3N DE BUENAS PR\u00c1CTICAS AMBIENTALES<\/h2>\n<h3 style=\"text-align: justify;\">Reducci\u00f3n del consumo de agua y de la cantidad y carga contaminante de los vertidos de aguas residuales.<\/h3>\n<ul>\n<li>Barrer o aspirar el suelo antes de fregarlo, para disminuir la carga contaminante de esta agua residual, as\u00ed como la cantidad de veces que debe llenarse el cubo de agua. Al fregar, adecuar la cantidad de agua empleada en la limpieza de alojamientos e instalaciones<\/li>\n<li>En caso de limpiar los utensilios de cocina a mano, poner el tap\u00f3n mientras se friega y, si es necesario, dejarlos a remojo.<\/li>\n<li>En caso de limpiar los utensilios de cocina con lavavajillas, no aclarar la vajilla antes de introducirla en el mismo y poner el lavavajillas en marcha una vez est\u00e9 completamente lleno.<\/li>\n<li>Utilizar la lavadora y lavavajillas con carga completa; adem\u00e1s de reducir el consumo de agua y detergentes, se reduce el consumo energ\u00e9tico.<\/li>\n<li>Racionalizar los cambios de ropa pero manteniendo el nivel de calidad del alojamiento, cambiando las toallas a petici\u00f3n del cliente, Adem\u00e1s de ahorrar agua, se reduce el consumo energ\u00e9tico, el gasto en detergentes y la reducci\u00f3n de vertidos de aguas residuales.<\/li>\n<li>Para detectar las p\u00e9rdidas de agua:\n<ul>\n<li>Se realizan inspecciones completas de las instalaciones de fontaner\u00eda para detectar fugas, que adem\u00e1s de repercutir en el desperdicio de agua potable, pueden ocasionar humedades y malos olores, afectar a la estructura del edificio, etc.<\/li>\n<li>Se realizar controles peri\u00f3dicos de los puntos de consumo de agua para detectar posibles p\u00e9rdidas debidas a goteos de las cisternas y al mal estado de las gomas de los grifos de los lavabos y duchas.<\/li>\n<li>Se solicita colaboraci\u00f3n al personal y a los clientes para que notifiquen cualquier fuga o aver\u00eda que detecten.<\/li>\n<li>Se realizar lecturas peri\u00f3dicas de los contadores de agua<\/li>\n<\/ul>\n<\/li>\n<li>Antes de comprar un lavavajillas y\/o lavadoras, se solicita informaci\u00f3n sobre el consumo de agua de las diferentes marcas y modelos. Se compran electrodomesticos con programas econ\u00f3micos y que se ajusten a las necesidades de los alojamientos, de este modo se consigue un mayor rendimiento con menor consumo de agua y productos de limpieza.<\/li>\n<li>Se utilizan lavadoras con programas de ahorro para la limpieza de la ropa tanto para el lavado de la ropa como para los alojamientos. A la hora de hacer la compra de estos equipos, tSe tiene en cuenta que algunos dispositivos de ahorro \u00fanicamente atienden a criterios de bajo consumo de energ\u00eda, pero no de agua.<\/li>\n<li>Para la disminuci\u00f3n del consumo de agua se Instalan los equipos que se enumeran a continuaci\u00f3n<\/li>\n<li>Difusores en los grifos de los lavabos, duchas y cocina.<\/li>\n<li>Grifos mono-mando en lavabos y duchas de las habitaciones y en la cocina.<\/li>\n<li>Grifos termost\u00e1ticos en las duchas.<\/li>\n<li>Se Introducen limitadores de llenado en la cisterna del sanitario o, si es posible, se baja la boya de la cisterna del sanitario.<\/li>\n<li>Instalaci\u00f3n en sanitarios de sistemas de doble bot\u00f3n, para descargas completas o de media carga, informando al hu\u00e9sped adecuadamente, para su correcto uso.<\/li>\n<\/ul>\n<h3>Reducci\u00f3n consumo energ\u00e9tico<\/h3>\n<ul>\n<li>Cocinar en recipientes y ollas adecuadas al tama\u00f1o del fog\u00f3n y taparlos mientras se cocina.<\/li>\n<li>Mantener bien cerradas las puertas de los hornos y reducir los tiempos de precalentamiento de \u00e9stos.<\/li>\n<li>Si la cocina es de placa el\u00e9ctrica, apagarla 10 minutos antes de acabar la cocci\u00f3n para aprovechar el calor residual.<\/li>\n<li>Limpiar frecuentemente los hornos, fuegos y placas para evitar que las grasas no impidan la transmisi\u00f3n de calor.<\/li>\n<li>No introducir alimentos calientes en las c\u00e1maras frigor\u00edficas.<\/li>\n<li>Limpiar las juntas de las puertas de las neveras y c\u00e1maras frigor\u00edficas para asegurar que cierran herm\u00e9ticamente, no abrirlas innecesariamente y asegurarse del correcto cerramiento de las mismas tras su uso.<\/li>\n<li>Limpiar con agua fr\u00eda o a baja temperatura, pues el mayor consumo energ\u00e9tico se produce en el calentamiento del agua; para ello, es necesario mantener el termostato del lavavajillas y la lavadora a temperaturas no muy elevadas, excepto cuando la ropa est\u00e9 muy sucia; adem\u00e1s de ahorrar energ\u00eda, se alarga la vida \u00fatil de la ropa.<\/li>\n<li>Realizar revisiones peri\u00f3dicas de los termostatos en los equipos individuales y de los equipos de refrigeraci\u00f3n y aire acondicionado (incluida la limpieza de sus filtros), para evitar excesos en el consumo de energ\u00eda.<\/li>\n<li>Utilizar bombillas de bajo consumo, no apagar los tubos fluorescentes en zonas donde vayan a encenderse en menos de 5 horas (el mayor consumo energ\u00e9tico se produce en el encendido), mantener limpias las bombillas y tubos fluorescentes (el polvo resta mucha efectividad a la iluminaci\u00f3n) y no utilizar apliques opacos en las l\u00e1mparas (\u00e9stos minimizan la efectividad de la iluminaci\u00f3n artificial al necesitar un mayor consumo de energ\u00eda el\u00e9ctrica).<\/li>\n<li>Aislar t\u00e9rmicamente los edificios, principalmente las ventanas y conducciones de climatizaci\u00f3n, as\u00ed como las zonas fr\u00edas de las zonas calientes de las cocinas, para evitar p\u00e9rdidas de calor y de fr\u00edo. (solo cuando se hacen reformas)<\/li>\n<\/ul>\n<h3 style=\"text-align: justify;\">Reducci\u00f3n consumo materias primas y minimizaci\u00f3n de su impacto en el medio ambiente.<\/h3>\n<ul>\n<li>Imprimimos a dos caras y siempre que es posible, enviamos informes y documentaci\u00f3n por correo electr\u00f3nico en lugar de hacerlo a trav\u00e9s de folios, para reducir el consumo de papel.<\/li>\n<li>No utilizamos ambientadores en el interior de los sanitarios ni purificadores en las cisternas, ya que sus componentes suelen ser contaminantes y no repercuten en una mejora de la higiene.<\/li>\n<li>Limitamos la desinfectar con lej\u00eda \u00fanicamente cuando es necesario, para evitar la formaci\u00f3n de compuestos halogenados.<\/li>\n<li>Utilizamos papel higi\u00e9nico blanco frente al papel higi\u00e9nico de colores.<\/li>\n<li>Utilizamos productos de limpieza respetuosos con el medio ambiente, utilizando dosificadores para no exceder la dosis que el fabricante indica en el propio envase: una dosis superior a la recomendada por el fabricante no aporta mayor limpieza sino que implica un consumo in\u00fatil de detergente, as\u00ed como un mayor consumo de agua a la hora de aclarar, una mayor carga contaminante del agua residual y un gasto econ\u00f3mico innecesario asociado a productos de limpieza.<\/li>\n<li>En los sanitarios, No utilizamos productos para la limpieza desatascadores ni corrosivos.<\/li>\n<\/ul>\n<h3 style=\"text-align: justify;\">Reducci\u00f3n, reutilizaci\u00f3n y reciclaje de residuos<\/h3>\n<ul>\n<li>Conectamos los equipos a la red el\u00e9ctrica,siempre que sea posible, para minimizar la generaci\u00f3n de pilas usadas.<\/li>\n<li>Reutilizamos toallas y s\u00e1banas viejas como trapos de limpieza y evitamos, en la medida que sea posible, el empleo de servilletas o rollos de papel en lugar de trapos.<\/li>\n<\/ul>\n<h3 style=\"text-align: justify;\">Minimizaci\u00f3n de ruidos, olores y emisiones atmosf\u00e9ricas<\/h3>\n<ul>\n<li>Realizamos una inspecci\u00f3n peri\u00f3dica visual (como m\u00ednimo una vez al mes), para detectar manchas de humedad, as\u00ed como olfativa, para detectar malos olores antes que los detecte el hu\u00e9sped.<\/li>\n<li>Revisamos peri\u00f3dicamente los extractores de humos de la cocina, as\u00ed como sistemas de calefacci\u00f3n y aire acondicionado.<\/li>\n<li>Realizamos las tareas de mantenimiento en temporadas baja o en los momentos de menor ocupaci\u00f3n para evitar ruidos molestos a los hu\u00e9spedes.<\/li>\n<\/ul>\n","protected":false},"excerpt":{"rendered":"<p>PR\u00c1CTICAS MEDIOAMBIENTALES Toda organizaci\u00f3n, grande o peque\u00f1a, como consecuencia de su actividad, origina un impacto ambiental. Es por ello que debemos ser conscientes de que&#8230;<\/p>\n","protected":false},"author":1,"featured_media":0,"parent":0,"menu_order":0,"comment_status":"closed","ping_status":"closed","template":"","meta":{"footnotes":""},"_links":{"self":[{"href":"https:\/\/vacacionesendenia.com\/en\/wp-json\/wp\/v2\/pages\/6991"}],"collection":[{"href":"https:\/\/vacacionesendenia.com\/en\/wp-json\/wp\/v2\/pages"}],"about":[{"href":"https:\/\/vacacionesendenia.com\/en\/wp-json\/wp\/v2\/types\/page"}],"author":[{"embeddable":true,"href":"https:\/\/vacacionesendenia.com\/en\/wp-json\/wp\/v2\/users\/1"}],"replies":[{"embeddable":true,"href":"https:\/\/vacacionesendenia.com\/en\/wp-json\/wp\/v2\/comments?post=6991"}],"version-history":[{"count":2,"href":"https:\/\/vacacionesendenia.com\/en\/wp-json\/wp\/v2\/pages\/6991\/revisions"}],"predecessor-version":[{"id":7132,"href":"https:\/\/vacacionesendenia.com\/en\/wp-json\/wp\/v2\/pages\/6991\/revisions\/7132"}],"wp:attachment":[{"href":"https:\/\/vacacionesendenia.com\/en\/wp-json\/wp\/v2\/media?parent=6991"}],"curies":[{"name":"wp","href":"https:\/\/api.w.org\/{rel}","templated":true}]}}