{"id":7021,"date":"2021-03-11T17:35:24","date_gmt":"2021-03-11T17:35:24","guid":{"rendered":"http:\/\/vacacionesendenia.com\/propietarios\/"},"modified":"2021-05-21T15:33:54","modified_gmt":"2021-05-21T14:33:54","slug":"owners","status":"publish","type":"page","link":"https:\/\/vacacionesendenia.com\/en\/owners\/","title":{"rendered":"Owners"},"content":{"rendered":"<h4>PROPIETARIO<\/h4>\n<ul>\n<li>Si tiene una vivienda, nosotros podemos gestionar el alquiler vacacional, sin que usted deba ocuparse de nada.<\/li>\n<li>Haremos que su vivienda sea atractiva para el alojamiento vacacional y la promocionaremos en los portales mas importantes de Internet (AirBnB, Booking, Vrbo, Tripadvisor, entre otros).<\/li>\n<li>Atenderemos a los hu\u00e9spedes con mucha atenci\u00f3n para que tengan una estancia maravillosa y quieran volver<\/li>\n<li>Nos encargamos de la gesti\u00f3n burocr\u00e1tica (cobros, contratos, registro de hu\u00e9spedes a la policia, etc..) y de la gesti\u00f3n directa (check-in\/check-out, limpiezas, gestion de posibles averias, etc.)<\/li>\n<li>Nuestra experiencia nos ha llevado a conseguir una gran aceptaci\u00f3n por parte de los clientes que cada d\u00eda nos demandan mas viviendas para disfrutar de sus vacaciones, obteniendo una alta rentabilidad en cada vivienda.<\/li>\n<\/ul>\n","protected":false},"excerpt":{"rendered":"<p>PROPIETARIO Si tiene una vivienda, nosotros podemos gestionar el alquiler vacacional, sin que usted deba ocuparse de nada. Haremos que su vivienda sea atractiva para&#8230;<\/p>\n","protected":false},"author":1,"featured_media":0,"parent":0,"menu_order":0,"comment_status":"closed","ping_status":"closed","template":"","meta":{"footnotes":""},"_links":{"self":[{"href":"https:\/\/vacacionesendenia.com\/en\/wp-json\/wp\/v2\/pages\/7021"}],"collection":[{"href":"https:\/\/vacacionesendenia.com\/en\/wp-json\/wp\/v2\/pages"}],"about":[{"href":"https:\/\/vacacionesendenia.com\/en\/wp-json\/wp\/v2\/types\/page"}],"author":[{"embeddable":true,"href":"https:\/\/vacacionesendenia.com\/en\/wp-json\/wp\/v2\/users\/1"}],"replies":[{"embeddable":true,"href":"https:\/\/vacacionesendenia.com\/en\/wp-json\/wp\/v2\/comments?post=7021"}],"version-history":[{"count":2,"href":"https:\/\/vacacionesendenia.com\/en\/wp-json\/wp\/v2\/pages\/7021\/revisions"}],"predecessor-version":[{"id":7229,"href":"https:\/\/vacacionesendenia.com\/en\/wp-json\/wp\/v2\/pages\/7021\/revisions\/7229"}],"wp:attachment":[{"href":"https:\/\/vacacionesendenia.com\/en\/wp-json\/wp\/v2\/media?parent=7021"}],"curies":[{"name":"wp","href":"https:\/\/api.w.org\/{rel}","templated":true}]}}