{"id":7039,"date":"2021-03-30T15:07:40","date_gmt":"2021-03-30T14:07:40","guid":{"rendered":"http:\/\/vacacionesendenia.com\/sobre-nosotros\/"},"modified":"2021-05-07T15:51:00","modified_gmt":"2021-05-07T14:51:00","slug":"sobre-nosotros","status":"publish","type":"page","link":"https:\/\/vacacionesendenia.com\/en\/sobre-nosotros\/","title":{"rendered":"Sobre nosotros"},"content":{"rendered":"<div class=\"textwidget\">\n<p>FORMA DE PAGO.- 30% al confirmar la reserva. El resto 30 dias antes de la llegada<\/p>\n<p>CANCELACI\u00d3N.-<\/p>\n<p>Reembolso completo si se cancela 15 dias antes de la llegada<br \/>\nReembolso del 50% si se cancela entre 14 y 8 dias antes de la llegada.<br \/>\nNo se efectuar\u00e1 reembolso alguno si se cancela menos de 8 dias de la llegada o no presentacion<\/p>\n<p>&nbsp;<\/p>\n<p>&nbsp;<\/p>\n<p>VacacionesEnDenia.com es una empresa familiar que lleva muchos a\u00f1os dedic\u00e1ndose a la gesti\u00f3n de Alojamientos tur\u00edsticos \u00a0Estando especializados en el destino tur\u00edstico de Denia contando con una amplia gama de alojamientos tur\u00edsticos.<\/p>\n<p>Estamos registrados en\u00a0 Conseller\u00eda de Turismo de la Generalitat Valenciana como Empresa Gestora de Viviendas Tur\u00edsticas <em><strong><a href=\"http:\/\/vacacionesendenia.com\/wp-content\/uploads\/2021\/01\/EGVT673A4_175_h200.png\" target=\"_blank\" rel=\"noopener\">EGVT-673-A<\/a>.<\/strong><\/em><\/p>\n<\/div>\n","protected":false},"excerpt":{"rendered":"<p>FORMA DE PAGO.- 30% al confirmar la reserva. El resto 30 dias antes de la llegada CANCELACI\u00d3N.- Reembolso completo si se cancela 15 dias antes&#8230;<\/p>\n","protected":false},"author":1,"featured_media":0,"parent":0,"menu_order":0,"comment_status":"closed","ping_status":"closed","template":"","meta":{"footnotes":""},"_links":{"self":[{"href":"https:\/\/vacacionesendenia.com\/en\/wp-json\/wp\/v2\/pages\/7039"}],"collection":[{"href":"https:\/\/vacacionesendenia.com\/en\/wp-json\/wp\/v2\/pages"}],"about":[{"href":"https:\/\/vacacionesendenia.com\/en\/wp-json\/wp\/v2\/types\/page"}],"author":[{"embeddable":true,"href":"https:\/\/vacacionesendenia.com\/en\/wp-json\/wp\/v2\/users\/1"}],"replies":[{"embeddable":true,"href":"https:\/\/vacacionesendenia.com\/en\/wp-json\/wp\/v2\/comments?post=7039"}],"version-history":[{"count":2,"href":"https:\/\/vacacionesendenia.com\/en\/wp-json\/wp\/v2\/pages\/7039\/revisions"}],"predecessor-version":[{"id":7044,"href":"https:\/\/vacacionesendenia.com\/en\/wp-json\/wp\/v2\/pages\/7039\/revisions\/7044"}],"wp:attachment":[{"href":"https:\/\/vacacionesendenia.com\/en\/wp-json\/wp\/v2\/media?parent=7039"}],"curies":[{"name":"wp","href":"https:\/\/api.w.org\/{rel}","templated":true}]}}