{"id":6966,"date":"2021-03-11T17:34:21","date_gmt":"2021-03-11T17:34:21","guid":{"rendered":"http:\/\/vacacionesendenia.com\/condiciones-generales\/"},"modified":"2021-05-21T15:35:53","modified_gmt":"2021-05-21T14:35:53","slug":"conditions-generales","status":"publish","type":"page","link":"https:\/\/vacacionesendenia.com\/fr\/conditions-generales\/","title":{"rendered":"Conditions g\u00e9n\u00e9rales"},"content":{"rendered":"<h2>CONDICIONES DEL CONTRATO DE ALQUILER DE VIVIENDA DE USO TUR\u00cdSTICO<\/h2>\n<ul>\n<li><strong>CONFIRMACI\u00d3N<\/strong>: La realizaci\u00f3n de cualquier reserva, supone la aceptaci\u00f3n de estas condiciones para la ocupaci\u00f3n de la vivienda de uso tur\u00edstico por el periodo, importe y ocupantes especificados.<\/li>\n<li><strong>USUARIO.-<\/strong> La persona que hace la reserva debe ser mayor de edad y se responsabiliza de la veracidad de los datos introducidos.<\/li>\n<li><strong>OCUPANTES.<\/strong>&#8211; El cliente s\u00f3lo puede alojar el n\u00famero m\u00e1ximo de personas definidos en las caracter\u00edsticas del apartamento. El incumplimiento de esta condicion, dara como resultado la cancelacion inmediata de la reserva, sin devolucion de importe. Antes de le fecha de entrada, el huesped recibir\u00e1 en su e-mail un enlace para realizar el check-in online, registrando las personas que se alojar\u00e1n.<\/li>\n<li><strong>RESERVA.-<\/strong> La reserva puede hacerse por e-mail o directamente online en nuestra web. La reserva quedara completada cuando reciba por e-mail la confirmaci\u00f3n de la reserva.<\/li>\n<li><strong>PREPAGO.-<\/strong> Para confirmar la Reserva es necesario el prepago del 30% del total de la reserva, estando la reserva condicionada a la recepci\u00f3n de ese importe en la entidad bancaria. El importe restante deber\u00e1 pagarse\u00a0 30 dias antes de la fecha de entrada<\/li>\n<li><strong>ENTRADA:<\/strong> El horario de entrada a la vivienda es de 15h a 20h del primer d\u00eda de la estancia. Lugar de encuentro a concretar entre nuestras oficinas o el alojamiento.<\/li>\n<li><strong>SALIDA:<\/strong> El cliente se compromete a dejar libre el apartamento y devolver todas las llaves en nuestras oficinas antes de las 10h del d\u00eda de salida. \u00a0El retraso en la entrega del alojamiento o de llaves, tendr\u00e1 un coste diario del doble del importe diario contratado as\u00ed como los gastos ocasionados y las reclamaciones por da\u00f1os y perjuicios que puedan ser objetos por parte otras personas con reservas confirmadas.<\/li>\n<li><strong>LIMPIEZA.-<\/strong> El apartamento se pondr\u00e1 a disposici\u00f3n del cliente en las debidas condiciones de limpieza. El cliente se compromete a dejar el apartamento en unas condiciones de limpieza razonables sin basura ni restos de alimentos.<\/li>\n<li><strong>EQUIPAMIENTO.-<\/strong> El cliente se responsabiliza de conservar y devolver las llaves y el apartamento en las mismas condiciones de mobiliario y equipamiento que ha encontrado en la entrada. Nuestros alojamientos disponen de la vajilla, equipamiento de cocina, ropa de cama y toallas necesaria para la cantidad de huespedes registrados en el check-in online, incluido en el precio<\/li>\n<li><strong>MODIFICACIONES.-<\/strong> Nos reservamos el derecho a cambiar el apartamento contratado por uno de similares caracter\u00edsticas o superiores en casos de fuerza mayor como ocupaci\u00f3n o desperfectos sobrevenidos despu\u00e9s de la fecha de la reserva. Estos cambios no tendr\u00e1n ning\u00fan coste para el cliente.<\/li>\n<li><strong>GARANTIA.-<\/strong> El cliente dejar\u00e1 en la entrada un dep\u00f3sito en garant\u00eda en efectivo por el importe que consta especificado en la reserva. Este dep\u00f3sito se devolver\u00e1 a la salida \u00edntegramente excepto en el caso de que se detectaran desperfectos en el apartamento, el mobiliario o al equipamiento o situaciones de extrema suciedad y desechos. El coste que comporte el restablecimiento de las condiciones que ten\u00eda el apartamento a la entrada ser\u00e1n descontados del importe del dep\u00f3sito.<\/li>\n<li><strong>FORMA DE PAGO.-<\/strong> 30% al confirmar la reserva. El resto 30 dias antes de la llegada<\/li>\n<li>\n<div><strong>CANCELACI\u00d3N.-<\/strong><\/div>\n<ul>\n<li>Reembolso completo si se cancela 15 dias antes de la llegada<\/li>\n<li>Reembolso del 50% si se cancela entre 14 y 8 dias antes de la llegada.<\/li>\n<li>No se efectuar\u00e1 reembolso alguno si se cancela menos de 8 dias de la llegada o no presentacion<\/li>\n<\/ul>\n<\/li>\n<\/ul>\n<p style=\"text-align: justify;\">\n","protected":false},"excerpt":{"rendered":"<p>CONDICIONES DEL CONTRATO DE ALQUILER DE VIVIENDA DE USO TUR\u00cdSTICO CONFIRMACI\u00d3N: La realizaci\u00f3n de cualquier reserva, supone la aceptaci\u00f3n de estas condiciones para la ocupaci\u00f3n&#8230;<\/p>\n","protected":false},"author":1,"featured_media":0,"parent":0,"menu_order":0,"comment_status":"closed","ping_status":"closed","template":"","meta":{"footnotes":""},"_links":{"self":[{"href":"https:\/\/vacacionesendenia.com\/fr\/wp-json\/wp\/v2\/pages\/6966"}],"collection":[{"href":"https:\/\/vacacionesendenia.com\/fr\/wp-json\/wp\/v2\/pages"}],"about":[{"href":"https:\/\/vacacionesendenia.com\/fr\/wp-json\/wp\/v2\/types\/page"}],"author":[{"embeddable":true,"href":"https:\/\/vacacionesendenia.com\/fr\/wp-json\/wp\/v2\/users\/1"}],"replies":[{"embeddable":true,"href":"https:\/\/vacacionesendenia.com\/fr\/wp-json\/wp\/v2\/comments?post=6966"}],"version-history":[{"count":2,"href":"https:\/\/vacacionesendenia.com\/fr\/wp-json\/wp\/v2\/pages\/6966\/revisions"}],"predecessor-version":[{"id":7231,"href":"https:\/\/vacacionesendenia.com\/fr\/wp-json\/wp\/v2\/pages\/6966\/revisions\/7231"}],"wp:attachment":[{"href":"https:\/\/vacacionesendenia.com\/fr\/wp-json\/wp\/v2\/media?parent=6966"}],"curies":[{"name":"wp","href":"https:\/\/api.w.org\/{rel}","templated":true}]}}