{"id":6999,"date":"2021-03-11T17:35:03","date_gmt":"2021-03-11T17:35:03","guid":{"rendered":"http:\/\/vacacionesendenia.com\/nosotros\/"},"modified":"2021-05-07T15:46:25","modified_gmt":"2021-05-07T14:46:25","slug":"nosotros","status":"publish","type":"page","link":"https:\/\/vacacionesendenia.com\/fr\/nosotros\/","title":{"rendered":"Nosotros"},"content":{"rendered":"<p>VacacionesEnDenia.com es una empresa familiar que lleva muchos a\u00f1os dedic\u00e1ndose a la gesti\u00f3n de Alojamientos tur\u00edsticos \u00a0Estando especializados en el destino tur\u00edstico de Denia contando con una amplia gama de alojamientos tur\u00edsticos.<\/p>\n<p>Estamos registrados en\u00a0 Conseller\u00eda de Turismo de la Generalitat Valenciana como Empresa Gestora de Viviendas Tur\u00edsticas EGVT-673-A.<\/p>\n","protected":false},"excerpt":{"rendered":"<p>VacacionesEnDenia.com es una empresa familiar que lleva muchos a\u00f1os dedic\u00e1ndose a la gesti\u00f3n de Alojamientos tur\u00edsticos \u00a0Estando especializados en el destino tur\u00edstico de Denia contando&#8230;<\/p>\n","protected":false},"author":1,"featured_media":0,"parent":0,"menu_order":0,"comment_status":"closed","ping_status":"closed","template":"","meta":{"footnotes":""},"_links":{"self":[{"href":"https:\/\/vacacionesendenia.com\/fr\/wp-json\/wp\/v2\/pages\/6999"}],"collection":[{"href":"https:\/\/vacacionesendenia.com\/fr\/wp-json\/wp\/v2\/pages"}],"about":[{"href":"https:\/\/vacacionesendenia.com\/fr\/wp-json\/wp\/v2\/types\/page"}],"author":[{"embeddable":true,"href":"https:\/\/vacacionesendenia.com\/fr\/wp-json\/wp\/v2\/users\/1"}],"replies":[{"embeddable":true,"href":"https:\/\/vacacionesendenia.com\/fr\/wp-json\/wp\/v2\/comments?post=6999"}],"version-history":[{"count":1,"href":"https:\/\/vacacionesendenia.com\/fr\/wp-json\/wp\/v2\/pages\/6999\/revisions"}],"predecessor-version":[{"id":7001,"href":"https:\/\/vacacionesendenia.com\/fr\/wp-json\/wp\/v2\/pages\/6999\/revisions\/7001"}],"wp:attachment":[{"href":"https:\/\/vacacionesendenia.com\/fr\/wp-json\/wp\/v2\/media?parent=6999"}],"curies":[{"name":"wp","href":"https:\/\/api.w.org\/{rel}","templated":true}]}}