{"id":7034,"date":"2021-03-11T17:33:39","date_gmt":"2021-03-11T17:33:39","guid":{"rendered":"http:\/\/vacacionesendenia.com\/sobre-la-covid-19\/"},"modified":"2021-05-21T15:38:12","modified_gmt":"2021-05-21T14:38:12","slug":"a-propos-du-covid-19","status":"publish","type":"page","link":"https:\/\/vacacionesendenia.com\/fr\/a-propos-du-covid-19\/","title":{"rendered":"\u00c0 propos du COVID-19"},"content":{"rendered":"<h4>SEGURIDAD CONTRA LA COVID-19<\/h4>\n<ul>\n<li>Realizamos el proceso de limpieza y desinfecci\u00f3n de acuerdo con los protocolos de las autoridades sanitarias\u00a1<\/li>\n<li>Ventilamos el espacio antes de la limpieza y mientras se lleva a cabo.<\/li>\n<li>Utilizamos desinfectantes homologados por las autoridades sanitarias para cada tipo de superficie.<\/li>\n<li>Limpieza y desinfecci\u00f3n de la cuberter\u00eda, vajilla y menaje de cocina.<\/li>\n<li>Se entrega la ropa de cama y toallas lavadas a altas temperaturas, desinfectadas y precintadas.<\/li>\n<li>Adicionalmente aplicamos desinfecci\u00f3n mediante ozono.<\/li>\n<li>Todos los apartamentos disponen de Gel Hidroalcoholico para utilizaci\u00f3n por los hu\u00e9spedes.<\/li>\n<\/ul>\n<h4>Pr\u00e1cticas de seguridad<\/h4>\n<ul>\n<li>-Nuestro personal y hu\u00e9spedes deben comprometerse a llevar mascarilla y\u00a0 mantener una distancia de 2 metros cuando interact\u00faen en persona en todo momento.<\/li>\n<\/ul>\n<h4>Qu\u00e9 hacer en caso de positivo en COVID-19 durante la estancia o cuando esta termine<\/h4>\n<p>Si has dado positivo hace poco en las pruebas de detecci\u00f3n de la COVID-19 o has empezado a sentir alg\u00fan s\u00edntoma, y te has hospedado recientemente en un alojamiento\u00a0 ponte en contacto con nosotros. Adem\u00e1s, debes informar a las autoridades locales pertinentes y a tu m\u00e9dico.<\/p>\n","protected":false},"excerpt":{"rendered":"<p>SEGURIDAD CONTRA LA COVID-19 Realizamos el proceso de limpieza y desinfecci\u00f3n de acuerdo con los protocolos de las autoridades sanitarias\u00a1 Ventilamos el espacio antes de&#8230;<\/p>\n","protected":false},"author":1,"featured_media":0,"parent":0,"menu_order":0,"comment_status":"closed","ping_status":"closed","template":"","meta":{"footnotes":""},"_links":{"self":[{"href":"https:\/\/vacacionesendenia.com\/fr\/wp-json\/wp\/v2\/pages\/7034"}],"collection":[{"href":"https:\/\/vacacionesendenia.com\/fr\/wp-json\/wp\/v2\/pages"}],"about":[{"href":"https:\/\/vacacionesendenia.com\/fr\/wp-json\/wp\/v2\/types\/page"}],"author":[{"embeddable":true,"href":"https:\/\/vacacionesendenia.com\/fr\/wp-json\/wp\/v2\/users\/1"}],"replies":[{"embeddable":true,"href":"https:\/\/vacacionesendenia.com\/fr\/wp-json\/wp\/v2\/comments?post=7034"}],"version-history":[{"count":2,"href":"https:\/\/vacacionesendenia.com\/fr\/wp-json\/wp\/v2\/pages\/7034\/revisions"}],"predecessor-version":[{"id":7235,"href":"https:\/\/vacacionesendenia.com\/fr\/wp-json\/wp\/v2\/pages\/7034\/revisions\/7235"}],"wp:attachment":[{"href":"https:\/\/vacacionesendenia.com\/fr\/wp-json\/wp\/v2\/media?parent=7034"}],"curies":[{"name":"wp","href":"https:\/\/api.w.org\/{rel}","templated":true}]}}